{"id":759,"date":"2013-02-10T21:07:48","date_gmt":"2013-02-10T21:07:48","guid":{"rendered":"http:\/\/sahin-bau.de\/?page_id=759"},"modified":"2019-11-22T22:01:10","modified_gmt":"2019-11-22T22:01:10","slug":"impressum","status":"publish","type":"page","link":"https:\/\/sahin-bau.de\/?page_id=759","title":{"rendered":"Impressum"},"content":{"rendered":"<div><b>\u00a0<\/b><strong>Firma:<\/strong><\/div>\n<div>\u00a0Sahin-Bau Bauunternehmung<\/div>\n<div><\/div>\n<p><strong>\u00a0Gesch\u00e4ftsf\u00fchrer:<\/strong> Deniz Sahin<\/p>\n<p><strong>\u00a0Anschrift:<\/strong>\u00a0An der Eiche 19, 30926 Seelze<\/p>\n<p>&nbsp;<\/p>\n<p><strong>\u00a0Telefon:<\/strong> 0511 &#8211; 472191<\/p>\n<p><strong>\u00a0Telefax:<\/strong> 0511 &#8211; 472195<\/p>\n<p><strong>\u00a0Email: <\/strong><a href=\"mailto:info@sahin-bau.de\">info@sahin-bau.de<\/a><\/p>\n<p>Gewerbeaufsicht: Ordnungsamt Hannover<\/p>\n<p>Amtsgericht Hannover<\/p>\n<p><strong>\u00a0Steuer Nr.: 27\/138\/10714<\/strong><\/p>\n<p><strong>\u00a0Inhaltlich Verantwortlicher:<\/strong><\/p>\n<p><a href=\"mailto:info@sahin-bau.de\">Marvin Peschel<\/a><\/p>\n<p>&nbsp;<\/p>\n<h2>Disclaimer \u2013 rechtliche Hinweise<\/h2>\n<p><strong>* Haftungsbeschr\u00e4nkung f\u00fcr eigene Inhalte<\/strong><\/p>\n<p>Alle Inhalte unseres Internetauftritts wurden mit Sorgfalt und nach bestem Gewissen erstellt. Eine Gew\u00e4hr f\u00fcr die Aktualit\u00e4t, Vollst\u00e4ndigkeit und Richtigkeit s\u00e4mtlicher Seiten kann jedoch nicht \u00fcbernommen werden. Gem\u00e4\u00df \u00a7 7 Abs. 1 TMG sind wir als Dienstanbieter f\u00fcr eigene Inhalte auf diesen Seiten nach den allgemeinen Gesetzen verantwortlich, nach den \u00a7\u00a7 8 bis 10 TMG jedoch nicht verpflichtet, die \u00fcbermittelten oder gespeicherten fremden Informationen zu \u00fcberwachen. Eine umgehende Entfernung dieser Inhalte erfolgt ab dem Zeitpunkt der Kenntnis einer konkreten Rechtsverletzung und wir haften nicht vor dem Zeitpunkt der Kenntniserlangung.<\/p>\n<p><strong>* Haftungsbeschr\u00e4nkung f\u00fcr externe Links<\/strong><\/p>\n<p>Unsere Webseite enth\u00e4lt sog. \u201eexterne Links\u201c (Verkn\u00fcpfungen zu Webseiten Dritter), auf deren Inhalt wir keinen Einfluss haben und f\u00fcr den wir aus diesem Grund keine Gew\u00e4hr \u00fcbernehmen. F\u00fcr die Inhalte und Richtigkeit der Informationen ist der jeweilige Informationsanbieter der verlinkten Webseite verantwortlich. Als die Verlinkung vorgenommen wurde, waren f\u00fcr uns keine Rechtsverst\u00f6\u00dfe erkennbar. Sollte uns eine Rechtsverletzung bekannt werden, wird der jeweilige Link umgehend von uns entfernt.<\/p>\n<p><strong>* Urheberrecht<\/strong><\/p>\n<p>Die auf dieser Webseite ver\u00f6ffentlichten Inhalte und Werke unterliegen dem deutschen Urheberrecht. Jede Art der Vervielf\u00e4ltigung, Bearbeitung, Verbreitung und jede Art der Verwertung au\u00dferhalb der Grenzen des Urheberrechts bedarf der vorherigen schriftlichen Zustimmung des jeweiligen Urhebers bzw. Autors.<\/p>\n<p><strong>* Datenschutz<\/strong><\/p>\n<p>Durch den Besuch unseres Internetauftritts k\u00f6nnen Informationen \u00fcber den Zugriff (Datum, Uhrzeit, aufgerufene Seite) auf dem Server gespeichert werden. Dies stellt keine Auswertung personenbezogener Daten (z.B. Name, Anschrift oder E-Mail Adresse) dar. Sofern personenbezogene Daten erhoben werden, erfolgt dies \u2013 sofern m\u00f6glich \u2013 nur mit dem vorherigen Einverst\u00e4ndnis des Nutzers der Webseite. Eine Weiterleitung der Daten an Dritte findet ohne ausdr\u00fcckliche Zustimmung des Nutzers nicht statt. Wir weisen ausdr\u00fccklich darauf hin, dass die \u00dcbertragung von Daten im Internet (z.B. per E-Mail) Sicherheitsl\u00fccken aufweisen kann. Ein l\u00fcckenloser Schutz der Daten vor dem Zugriff Dritter kann nicht gew\u00e4hrleistet werden. Wir k\u00f6nnen keine Haftung f\u00fcr die durch solche Sicherheitsl\u00fccken entstehenden Sch\u00e4den \u00fcbernehmen. Der Verwendung ver\u00f6ffentlichter Kontaktdaten durch Dritte zum Zwecke von Werbung wird ausdr\u00fccklich widersprochen. Wir behalten uns rechtliche Schritte f\u00fcr den Fall der unverlangten Zusendung von Werbeinformationen, z.B. durch Spam-Mails, vor.<\/p>\n<div>\n<p>&nbsp;<\/p>\n<p>&nbsp;<\/p>\n<p><strong><big>Datenschutzerkl\u00e4rung<\/big><\/strong><\/p>\n<p>Allgemeiner Hinweis und Pflichtinformationen<\/p>\n<p>Benennung der verantwortlichen Stelle<\/p>\n<p>Die verantwortliche Stelle f\u00fcr die Datenverarbeitung auf dieser Website ist:<\/p>\n<p>Sahin-Bau<br \/>\nMarvin Peschel<br \/>\nAn der Eiche 19<br \/>\n30926\u00a0Seelze<\/p>\n<p>&nbsp;<\/p>\n<p>Die verantwortliche Stelle entscheidet allein oder gemeinsam mit anderen \u00fcber die Zwecke und Mittel der Verarbeitung von personenbezogenen Daten (z.B. Namen, Kontaktdaten o. \u00c4.).<\/p>\n<p>Widerruf Ihrer Einwilligung zur Datenverarbeitung<\/p>\n<p>Nur mit Ihrer ausdr\u00fccklichen Einwilligung sind einige Vorg\u00e4nge der Datenverarbeitung m\u00f6glich. Ein Widerruf Ihrer bereits erteilten Einwilligung ist jederzeit m\u00f6glich. F\u00fcr den Widerruf gen\u00fcgt eine formlose Mitteilung per E-Mail. Die Rechtm\u00e4\u00dfigkeit der bis zum Widerruf erfolgten Datenverarbeitung bleibt vom Widerruf unber\u00fchrt.<\/p>\n<p>Recht auf Beschwerde bei der zust\u00e4ndigen Aufsichtsbeh\u00f6rde<\/p>\n<p>Als Betroffener steht Ihnen im Falle eines datenschutzrechtlichen Versto\u00dfes ein Beschwerderecht bei der zust\u00e4ndigen Aufsichtsbeh\u00f6rde zu. Zust\u00e4ndige Aufsichtsbeh\u00f6rde bez\u00fcglich datenschutzrechtlicher Fragen ist der Landesdatenschutzbeauftragte des Bundeslandes, in dem sich der Sitz unseres Unternehmens befindet. Der folgende Link stellt eine Liste der Datenschutzbeauftragten sowie deren Kontaktdaten bereit:\u00a0<a href=\"https:\/\/www.bfdi.bund.de\/DE\/Infothek\/Anschriften_Links\/anschriften_links-node.html\" target=\"_blank\">https:\/\/www.bfdi.bund.de\/DE\/Infothek\/Anschriften_Links\/anschriften_links-node.html<\/a>.<\/p>\n<p>Recht auf Daten\u00fcbertragbarkeit<\/p>\n<p>Ihnen steht das Recht zu, Daten, die wir auf Grundlage Ihrer Einwilligung oder in Erf\u00fcllung eines Vertrags automatisiert verarbeiten, an sich oder an Dritte aush\u00e4ndigen zu lassen. Die Bereitstellung erfolgt in einem maschinenlesbaren Format. Sofern Sie die direkte \u00dcbertragung der Daten an einen anderen Verantwortlichen verlangen, erfolgt dies nur, soweit es technisch machbar ist.<\/p>\n<p>Recht auf Auskunft, Berichtigung, Sperrung, L\u00f6schung<\/p>\n<p>Sie haben jederzeit im Rahmen der geltenden gesetzlichen Bestimmungen das Recht auf unentgeltliche Auskunft \u00fcber Ihre gespeicherten personenbezogenen Daten, Herkunft der Daten, deren Empf\u00e4nger und den Zweck der Datenverarbeitung und ggf. ein Recht auf Berichtigung, Sperrung oder L\u00f6schung dieser Daten. Diesbez\u00fcglich und auch zu weiteren Fragen zum Thema personenbezogene Daten k\u00f6nnen Sie sich jederzeit \u00fcber die im Impressum aufgef\u00fchrten Kontaktm\u00f6glichkeiten an uns wenden.<\/p>\n<p>SSL- bzw. TLS-Verschl\u00fcsselung<\/p>\n<p>Aus Sicherheitsgr\u00fcnden und zum Schutz der \u00dcbertragung vertraulicher Inhalte, die Sie an uns als Seitenbetreiber senden, nutzt unsere Website eine SSL-bzw. TLS-Verschl\u00fcsselung. Damit sind Daten, die Sie \u00fcber diese Website \u00fcbermitteln, f\u00fcr Dritte nicht mitlesbar. Sie erkennen eine verschl\u00fcsselte Verbindung an der \u201ehttps:\/\/\u201c Adresszeile Ihres Browsers und am Schloss-Symbol in der Browserzeile.<\/p>\n<\/div>\n<div>\n<p>Kontaktformular<\/p>\n<p>Per Kontaktformular \u00fcbermittelte Daten werden einschlie\u00dflich Ihrer Kontaktdaten gespeichert, um Ihre Anfrage bearbeiten zu k\u00f6nnen oder um f\u00fcr Anschlussfragen bereitzustehen. Eine Weitergabe dieser Daten findet ohne Ihre Einwilligung nicht statt.<\/p>\n<p>Die Verarbeitung der in das Kontaktformular eingegebenen Daten erfolgt ausschlie\u00dflich auf Grundlage Ihrer Einwilligung (Art. 6 Abs. 1 lit. a DSGVO). Ein Widerruf Ihrer bereits erteilten Einwilligung ist jederzeit m\u00f6glich. F\u00fcr den Widerruf gen\u00fcgt eine formlose Mitteilung per E-Mail. Die Rechtm\u00e4\u00dfigkeit der bis zum Widerruf erfolgten Datenverarbeitungsvorg\u00e4nge bleibt vom Widerruf unber\u00fchrt.<\/p>\n<p>\u00dcber das Kontaktformular \u00fcbermittelte Daten verbleiben bei uns, bis Sie uns zur L\u00f6schung auffordern, Ihre Einwilligung zur Speicherung widerrufen oder keine Notwendigkeit der Datenspeicherung mehr besteht. Zwingende gesetzliche Bestimmungen &#8211; insbesondere Aufbewahrungsfristen &#8211; bleiben unber\u00fchrt.<\/p>\n<\/div>\n<div>\n<p>Twitter Plugin<\/p>\n<p>Unsere Website vewendet Funktionen des Dienstes Twitter. Anbieter ist die Twitter Inc., 1355 Market Street, Suite 900, San Francisco, CA 94103, USA.<\/p>\n<p>Bei Nutzung von Twitter und der Funktion &#8222;Re-Tweet&#8220; werden von Ihnen besuchte Websites mit Ihrem Twitter-Account verkn\u00fcpft und in Ihrem Twitter-Feed ver\u00f6ffentlicht. Dabei erfolgt eine \u00dcbermittlung von Daten an Twitter. \u00dcber den Inhalt der \u00fcbermittelten Daten sowie die Nutzung dieser Daten durch Twitter haben wir keine Kenntnis. Einzelheiten finden Sie in der Datenschutzerkl\u00e4rung von Twitter:\u00a0<a href=\"https:\/\/twitter.com\/privacy\">https:\/\/twitter.com\/privacy<\/a>.<\/p>\n<p>Sie k\u00f6nnen Ihre Datenschutzeinstellungen bei Twitter \u00e4ndern:\u00a0<a href=\"https:\/\/twitter.com\/account\/settings\">https:\/\/twitter.com\/account\/settings<\/a><\/p>\n<\/div>\n<div>\n<p><small>\u00a0<\/small><\/p>\n<\/div>\n","protected":false},"excerpt":{"rendered":"<p>\u00a0Firma: \u00a0Sahin-Bau Bauunternehmung \u00a0Gesch\u00e4ftsf\u00fchrer: Deniz Sahin \u00a0Anschrift:\u00a0An der Eiche 19, 30926 Seelze &nbsp; \u00a0Telefon: 0511 &#8211; 472191 \u00a0Telefax: 0511 &#8211; 472195 \u00a0Email: info@sahin-bau.de Gewerbeaufsicht: Ordnungsamt Hannover Amtsgericht Hannover \u00a0Steuer Nr.: 27\/138\/10714 \u00a0Inhaltlich Verantwortlicher: Marvin Peschel &nbsp; Disclaimer \u2013 rechtliche Hinweise * Haftungsbeschr\u00e4nkung f\u00fcr eigene Inhalte Alle Inhalte unseres Internetauftritts wurden mit Sorgfalt und nach bestem<\/p>\n","protected":false},"author":1,"featured_media":0,"parent":0,"menu_order":0,"comment_status":"open","ping_status":"open","template":"","meta":[],"_links":{"self":[{"href":"https:\/\/sahin-bau.de\/index.php?rest_route=\/wp\/v2\/pages\/759"}],"collection":[{"href":"https:\/\/sahin-bau.de\/index.php?rest_route=\/wp\/v2\/pages"}],"about":[{"href":"https:\/\/sahin-bau.de\/index.php?rest_route=\/wp\/v2\/types\/page"}],"author":[{"embeddable":true,"href":"https:\/\/sahin-bau.de\/index.php?rest_route=\/wp\/v2\/users\/1"}],"replies":[{"embeddable":true,"href":"https:\/\/sahin-bau.de\/index.php?rest_route=%2Fwp%2Fv2%2Fcomments&post=759"}],"version-history":[{"count":61,"href":"https:\/\/sahin-bau.de\/index.php?rest_route=\/wp\/v2\/pages\/759\/revisions"}],"predecessor-version":[{"id":773,"href":"https:\/\/sahin-bau.de\/index.php?rest_route=\/wp\/v2\/pages\/759\/revisions\/773"}],"wp:attachment":[{"href":"https:\/\/sahin-bau.de\/index.php?rest_route=%2Fwp%2Fv2%2Fmedia&parent=759"}],"curies":[{"name":"wp","href":"https:\/\/api.w.org\/{rel}","templated":true}]}}